{"id":63,"date":"2020-01-17T15:26:04","date_gmt":"2020-01-17T15:26:04","guid":{"rendered":"https:\/\/demosites.io\/web-agency\/?page_id=28"},"modified":"2024-03-07T13:07:53","modified_gmt":"2024-03-07T13:07:53","slug":"fyrirtaekid","status":"publish","type":"page","link":"https:\/\/primis.is\/en\/fyrirtaekid\/","title":{"rendered":"The company"},"content":{"rendered":"<div data-elementor-type=\"wp-page\" data-elementor-id=\"63\" class=\"elementor elementor-63\">\n\t\t\t\t\t\t<section class=\"elementor-section elementor-top-section elementor-element elementor-element-d58ea62 elementor-section-boxed elementor-section-height-default elementor-section-height-default\" data-id=\"d58ea62\" data-element_type=\"section\" data-e-type=\"section\">\n\t\t\t\t\t\t<div class=\"elementor-container elementor-column-gap-default\">\n\t\t\t\t\t<div class=\"elementor-column elementor-col-50 elementor-top-column elementor-element elementor-element-978314f\" data-id=\"978314f\" data-element_type=\"column\" data-e-type=\"column\">\n\t\t\t<div class=\"elementor-widget-wrap elementor-element-populated\">\n\t\t\t\t\t\t<div class=\"elementor-element elementor-element-fe4411c elementor-widget elementor-widget-heading\" data-id=\"fe4411c\" data-element_type=\"widget\" data-e-type=\"widget\" data-widget_type=\"heading.default\">\n\t\t\t\t<div class=\"elementor-widget-container\">\n\t\t\t\t\t<h1 class=\"elementor-heading-title elementor-size-default\">The company<\/h1>\t\t\t\t<\/div>\n\t\t\t\t<\/div>\n\t\t\t\t\t<\/div>\n\t\t<\/div>\n\t\t\t\t<div class=\"elementor-column elementor-col-50 elementor-top-column elementor-element elementor-element-794c29e\" data-id=\"794c29e\" data-element_type=\"column\" data-e-type=\"column\">\n\t\t\t<div class=\"elementor-widget-wrap\">\n\t\t\t\t\t\t\t<\/div>\n\t\t<\/div>\n\t\t\t\t\t<\/div>\n\t\t<\/section>\n\t\t\t\t<section class=\"elementor-section elementor-top-section elementor-element elementor-element-4289a2a elementor-section-content-middle elementor-section-boxed elementor-section-height-default elementor-section-height-default\" data-id=\"4289a2a\" data-element_type=\"section\" data-e-type=\"section\" data-settings=\"{&quot;background_background&quot;:&quot;classic&quot;}\">\n\t\t\t\t\t\t<div class=\"elementor-container elementor-column-gap-default\">\n\t\t\t\t\t<div class=\"elementor-column elementor-col-50 elementor-top-column elementor-element elementor-element-180b719\" data-id=\"180b719\" data-element_type=\"column\" data-e-type=\"column\">\n\t\t\t<div class=\"elementor-widget-wrap elementor-element-populated\">\n\t\t\t\t\t\t<div class=\"elementor-element elementor-element-9c76e5e elementor-widget elementor-widget-image\" data-id=\"9c76e5e\" data-element_type=\"widget\" data-e-type=\"widget\" data-widget_type=\"image.default\">\n\t\t\t\t<div class=\"elementor-widget-container\">\n\t\t\t\t\t\t\t\t\t\t\t\t\t\t\t<img fetchpriority=\"high\" decoding=\"async\" width=\"683\" height=\"1024\" src=\"https:\/\/primis.is\/wp-content\/uploads\/2024\/02\/gashif-rheza-a5eSOCkiyzU-unsplash-683x1024.jpg\" class=\"attachment-large size-large wp-image-356\" alt=\"\" srcset=\"https:\/\/primis.is\/wp-content\/uploads\/2024\/02\/gashif-rheza-a5eSOCkiyzU-unsplash-683x1024.jpg 683w, https:\/\/primis.is\/wp-content\/uploads\/2024\/02\/gashif-rheza-a5eSOCkiyzU-unsplash-200x300.jpg 200w, https:\/\/primis.is\/wp-content\/uploads\/2024\/02\/gashif-rheza-a5eSOCkiyzU-unsplash-768x1152.jpg 768w, https:\/\/primis.is\/wp-content\/uploads\/2024\/02\/gashif-rheza-a5eSOCkiyzU-unsplash-1024x1536.jpg 1024w, https:\/\/primis.is\/wp-content\/uploads\/2024\/02\/gashif-rheza-a5eSOCkiyzU-unsplash-1365x2048.jpg 1365w, https:\/\/primis.is\/wp-content\/uploads\/2024\/02\/gashif-rheza-a5eSOCkiyzU-unsplash-scaled.jpg 1707w\" sizes=\"(max-width: 683px) 100vw, 683px\" \/>\t\t\t\t\t\t\t\t\t\t\t\t\t\t\t<\/div>\n\t\t\t\t<\/div>\n\t\t\t\t\t<\/div>\n\t\t<\/div>\n\t\t\t\t<div class=\"elementor-column elementor-col-50 elementor-top-column elementor-element elementor-element-b10cbf9\" data-id=\"b10cbf9\" data-element_type=\"column\" data-e-type=\"column\">\n\t\t\t<div class=\"elementor-widget-wrap elementor-element-populated\">\n\t\t\t\t\t\t<div class=\"elementor-element elementor-element-291533d elementor-widget elementor-widget-heading\" data-id=\"291533d\" data-element_type=\"widget\" data-e-type=\"widget\" data-widget_type=\"heading.default\">\n\t\t\t\t<div class=\"elementor-widget-container\">\n\t\t\t\t\t<h2 class=\"elementor-heading-title elementor-size-default\">PRIMIS<\/h2>\t\t\t\t<\/div>\n\t\t\t\t<\/div>\n\t\t\t\t<div class=\"elementor-element elementor-element-e479d2f elementor-widget elementor-widget-text-editor\" data-id=\"e479d2f\" data-element_type=\"widget\" data-e-type=\"widget\" data-widget_type=\"text-editor.default\">\n\t\t\t\t<div class=\"elementor-widget-container\">\n\t\t\t\t\t\t\t\t\t<p>PRIMIS is a financing company that specializes in financing small and medium-sized enterprises. PRIMIS means \u201cfirst\u201d and refers to the innovation that the company pursues to offer new and progressive financing solutions in the corporate financing market.<\/p>\t\t\t\t\t\t\t\t<\/div>\n\t\t\t\t<\/div>\n\t\t\t\t<div class=\"elementor-element elementor-element-5e04df4 elementor-widget elementor-widget-text-editor\" data-id=\"5e04df4\" data-element_type=\"widget\" data-e-type=\"widget\" data-widget_type=\"text-editor.default\">\n\t\t\t\t<div class=\"elementor-widget-container\">\n\t\t\t\t\t\t\t\t\t<p>A revolution is taking place when it comes to corporate financing. With the technological development of recent years, opportunities are emerging to increase efficiency and simplify the financing process for companies. The data uploaded year after year on the operation of companies and developments in computing power will enable finance companies to use the data to serve their customers with increased automation and speed as a guideline. This means that risk assessment and decision-making will be a fully automated process in the future. The introduction of digital solutions in companies and institutions, the modernization of regulations, and the standardization of digital communications will lead to collateral taking, transfers of funds, and bookkeeping in connection with financing will be achieved without manual intervention. PRIMIS intends to become a leader in reaching out to small and medium-sized companies when it comes to their ffinancing, as research has shown that their financing needs are far greater than is being met by traditional lenders.<br \/><br \/>PRIMIS is owned by Sigur\u00f0ur Freyr Magn\u00fasson, CEO of PRIMIS, and investors.<\/p>\t\t\t\t\t\t\t\t<\/div>\n\t\t\t\t<\/div>\n\t\t\t\t\t<\/div>\n\t\t<\/div>\n\t\t\t\t\t<\/div>\n\t\t<\/section>\n\t\t\t\t<\/div>","protected":false},"excerpt":{"rendered":"<p>Fyrirt\u00e6ki\u00f0 PRIMIS PRIMIS er fj\u00e1rm\u00f6gnunarfyrirt\u00e6ki sem s\u00e9rh\u00e6fir sig \u00ed fj\u00e1rm\u00f6gnun l\u00edtilla og me\u00f0alst\u00f3rra fyrirt\u00e6kja. PRIMIS merkir \u201efyrstur\u201c og v\u00edsar til \u00feeirrar n\u00fdsk\u00f6punar sem fyrirt\u00e6ki\u00f0 stundar \u00ed \u00feeim tilgangi a\u00f0 bj\u00f3\u00f0a n\u00fdjar og frams\u00e6knar fj\u00e1rm\u00f6gnunarlausnir \u00e1 fyrirt\u00e6kjamarka\u00f0i.\u00a0Umbylting er a\u00f0 eiga s\u00e9r sta\u00f0 \u00feegar kemur a\u00f0 fj\u00e1rm\u00f6gnun fyrirt\u00e6kja. \u00a0Me\u00f0 t\u00e6kni\u00fer\u00f3un undanfarinna \u00e1ra hafa skapast t\u00e6kif\u00e6ri til a\u00f0&hellip;&nbsp;<a href=\"https:\/\/primis.is\/en\/fyrirtaekid\/\" rel=\"bookmark\">Read More &raquo;<span class=\"screen-reader-text\">The company<\/span><\/a><\/p>","protected":false},"author":1,"featured_media":0,"parent":0,"menu_order":0,"comment_status":"closed","ping_status":"closed","template":"elementor_header_footer","meta":{"neve_meta_sidebar":"full-width","neve_meta_container":"","neve_meta_enable_content_width":"on","neve_meta_content_width":100,"neve_meta_title_alignment":"","neve_meta_author_avatar":"","neve_post_elements_order":"","neve_meta_disable_header":"","neve_meta_disable_footer":"","neve_meta_disable_title":"","footnotes":""},"class_list":["post-63","page","type-page","status-publish","hentry"],"_links":{"self":[{"href":"https:\/\/primis.is\/en\/wp-json\/wp\/v2\/pages\/63","targetHints":{"allow":["GET"]}}],"collection":[{"href":"https:\/\/primis.is\/en\/wp-json\/wp\/v2\/pages"}],"about":[{"href":"https:\/\/primis.is\/en\/wp-json\/wp\/v2\/types\/page"}],"author":[{"embeddable":true,"href":"https:\/\/primis.is\/en\/wp-json\/wp\/v2\/users\/1"}],"replies":[{"embeddable":true,"href":"https:\/\/primis.is\/en\/wp-json\/wp\/v2\/comments?post=63"}],"version-history":[{"count":6,"href":"https:\/\/primis.is\/en\/wp-json\/wp\/v2\/pages\/63\/revisions"}],"predecessor-version":[{"id":444,"href":"https:\/\/primis.is\/en\/wp-json\/wp\/v2\/pages\/63\/revisions\/444"}],"wp:attachment":[{"href":"https:\/\/primis.is\/en\/wp-json\/wp\/v2\/media?parent=63"}],"curies":[{"name":"wp","href":"https:\/\/api.w.org\/{rel}","templated":true}]}}